{"id":152,"date":"2020-02-12T17:45:24","date_gmt":"2020-02-12T16:45:24","guid":{"rendered":"http:\/\/europa2velos.com\/?page_id=152"},"modified":"2024-02-17T19:47:11","modified_gmt":"2024-02-17T18:47:11","slug":"films","status":"publish","type":"page","link":"https:\/\/europa2velos.com\/index.php\/films\/","title":{"rendered":"Films"},"content":{"rendered":"\t\t<div data-elementor-type=\"wp-page\" data-elementor-id=\"152\" class=\"elementor elementor-152\" data-elementor-settings=\"[]\">\n\t\t\t\t\t\t<div class=\"elementor-inner\">\n\t\t\t\t\t\t\t<div class=\"elementor-section-wrap\">\n\t\t\t\t\t\t\t<section class=\"elementor-section elementor-top-section elementor-element elementor-element-792bed9 elementor-section-boxed elementor-section-height-default elementor-section-height-default\" data-id=\"792bed9\" data-element_type=\"section\">\n\t\t\t\t\t\t<div class=\"elementor-container elementor-column-gap-default\">\n\t\t\t\t\t\t\t<div class=\"elementor-row\">\n\t\t\t\t\t<div class=\"elementor-column elementor-col-100 elementor-top-column elementor-element elementor-element-edb694a\" data-id=\"edb694a\" data-element_type=\"column\">\n\t\t\t<div class=\"elementor-column-wrap elementor-element-populated\">\n\t\t\t\t\t\t\t<div class=\"elementor-widget-wrap\">\n\t\t\t\t\t\t<div class=\"elementor-element elementor-element-6b7c93f elementor-widget elementor-widget-image\" data-id=\"6b7c93f\" data-element_type=\"widget\" data-widget_type=\"image.default\">\n\t\t\t\t<div class=\"elementor-widget-container\">\n\t\t\t\t\t<div class=\"elementor-image\">\n\t\t\t\t\t\t\t\t\t\t<img width=\"1024\" height=\"543\" src=\"https:\/\/europa2velos.com\/wp-content\/uploads\/2023\/02\/325656773_777937766495847_2413677656979931741_n-1024x543.jpg\" class=\"attachment-large size-large\" alt=\"\" loading=\"lazy\" srcset=\"https:\/\/europa2velos.com\/wp-content\/uploads\/2023\/02\/325656773_777937766495847_2413677656979931741_n-1024x543.jpg 1024w, https:\/\/europa2velos.com\/wp-content\/uploads\/2023\/02\/325656773_777937766495847_2413677656979931741_n-300x159.jpg 300w, https:\/\/europa2velos.com\/wp-content\/uploads\/2023\/02\/325656773_777937766495847_2413677656979931741_n-768x407.jpg 768w, https:\/\/europa2velos.com\/wp-content\/uploads\/2023\/02\/325656773_777937766495847_2413677656979931741_n-1536x815.jpg 1536w, https:\/\/europa2velos.com\/wp-content\/uploads\/2023\/02\/325656773_777937766495847_2413677656979931741_n.jpg 1719w\" sizes=\"(max-width: 1024px) 100vw, 1024px\" \/>\t\t\t\t\t\t\t\t\t\t\t<\/div>\n\t\t\t\t<\/div>\n\t\t\t\t<\/div>\n\t\t\t\t\t\t<\/div>\n\t\t\t\t\t<\/div>\n\t\t<\/div>\n\t\t\t\t\t\t\t\t<\/div>\n\t\t\t\t\t<\/div>\n\t\t<\/section>\n\t\t\t\t<section class=\"elementor-section elementor-top-section elementor-element elementor-element-013f6ed elementor-section-boxed elementor-section-height-default elementor-section-height-default\" data-id=\"013f6ed\" data-element_type=\"section\">\n\t\t\t\t\t\t<div class=\"elementor-container elementor-column-gap-default\">\n\t\t\t\t\t\t\t<div class=\"elementor-row\">\n\t\t\t\t\t<div class=\"elementor-column elementor-col-100 elementor-top-column elementor-element elementor-element-f11ad96\" data-id=\"f11ad96\" data-element_type=\"column\">\n\t\t\t<div class=\"elementor-column-wrap elementor-element-populated\">\n\t\t\t\t\t\t\t<div class=\"elementor-widget-wrap\">\n\t\t\t\t\t\t<div class=\"elementor-element elementor-element-eabb5a3 elementor-widget elementor-widget-text-editor\" data-id=\"eabb5a3\" data-element_type=\"widget\" data-widget_type=\"text-editor.default\">\n\t\t\t\t<div class=\"elementor-widget-container\">\n\t\t\t\t\t<div class=\"elementor-text-editor elementor-clearfix\"><p>Le voyage d\u2019Elio et Justin a fait l\u2019objet d\u2019un <strong>travail documentaire<\/strong>, r\u00e9alis\u00e9 par Jean-Pierre Sicard.<\/p><p>De janvier 2019 \u00e0 la fin du voyage en 2021, des images ont \u00e9t\u00e9 tourn\u00e9es par Elio, Justin et Jean-Pierre, qui les a mont\u00e9es au fur et \u00e0 mesure pour constituer un <strong>journal de voyage<\/strong>, pr\u00e9sent\u00e9 sous forme de blog vid\u00e9o sur ce site.<\/p><p>Parall\u00e8lement, Jean-Pierre Sicard a r\u00e9alis\u00e9 un <strong>documentaire de cr\u00e9ation<\/strong>, produit par la soci\u00e9t\u00e9 Ad Libitum avec vi\u00e093 et le soutien du CNC. Ce long m\u00e9trage s\u2019attache aux personnalit\u00e9s d\u2019Elio et de Justin\u00a0: leur amiti\u00e9, leurs histoires d\u2019amour, leurs rencontres avec de jeunes europ\u00e9ens, leurs familles et leurs potes toujours avec eux sur l\u2019\u00e9cran de leurs smartphones, les p\u00e9rip\u00e9ties du voyage\u00a0: un portrait intime de deux adolescents qui deviennent de jeunes adultes.<\/p><p>Diffus\u00e9 par vi\u00e093, ce long m\u00e9trage est propos\u00e9 \u00e0 des festivals et des diffuseurs et distributeurs potentiels.<\/p><h4 style=\"text-align: center;\" align=\"JUSTIFY\"><span style=\"text-decoration: underline;\"><em>Voir la bande-annonce<\/em><\/span><\/h4><\/div>\n\t\t\t\t<\/div>\n\t\t\t\t<\/div>\n\t\t\t\t\t\t<\/div>\n\t\t\t\t\t<\/div>\n\t\t<\/div>\n\t\t\t\t\t\t\t\t<\/div>\n\t\t\t\t\t<\/div>\n\t\t<\/section>\n\t\t\t\t<section class=\"elementor-section elementor-top-section elementor-element elementor-element-db55057 elementor-section-boxed elementor-section-height-default elementor-section-height-default\" data-id=\"db55057\" data-element_type=\"section\">\n\t\t\t\t\t\t<div class=\"elementor-container elementor-column-gap-default\">\n\t\t\t\t\t\t\t<div class=\"elementor-row\">\n\t\t\t\t\t<div class=\"elementor-column elementor-col-100 elementor-top-column elementor-element elementor-element-5791bb9\" data-id=\"5791bb9\" data-element_type=\"column\">\n\t\t\t<div class=\"elementor-column-wrap elementor-element-populated\">\n\t\t\t\t\t\t\t<div class=\"elementor-widget-wrap\">\n\t\t\t\t\t\t<div class=\"elementor-element elementor-element-96d9a43 elementor-widget elementor-widget-image\" data-id=\"96d9a43\" data-element_type=\"widget\" data-widget_type=\"image.default\">\n\t\t\t\t<div class=\"elementor-widget-container\">\n\t\t\t\t\t<div class=\"elementor-image\">\n\t\t\t\t\t\t\t\t\t\t<img width=\"1024\" height=\"487\" src=\"https:\/\/europa2velos.com\/wp-content\/uploads\/2023\/02\/326111317_993810571596696_8735720021062606374_n-1024x487.jpg\" class=\"attachment-large size-large\" alt=\"\" loading=\"lazy\" srcset=\"https:\/\/europa2velos.com\/wp-content\/uploads\/2023\/02\/326111317_993810571596696_8735720021062606374_n-1024x487.jpg 1024w, https:\/\/europa2velos.com\/wp-content\/uploads\/2023\/02\/326111317_993810571596696_8735720021062606374_n-300x143.jpg 300w, https:\/\/europa2velos.com\/wp-content\/uploads\/2023\/02\/326111317_993810571596696_8735720021062606374_n-768x365.jpg 768w, https:\/\/europa2velos.com\/wp-content\/uploads\/2023\/02\/326111317_993810571596696_8735720021062606374_n-1536x731.jpg 1536w, https:\/\/europa2velos.com\/wp-content\/uploads\/2023\/02\/326111317_993810571596696_8735720021062606374_n.jpg 2048w\" sizes=\"(max-width: 1024px) 100vw, 1024px\" \/>\t\t\t\t\t\t\t\t\t\t\t<\/div>\n\t\t\t\t<\/div>\n\t\t\t\t<\/div>\n\t\t\t\t\t\t<\/div>\n\t\t\t\t\t<\/div>\n\t\t<\/div>\n\t\t\t\t\t\t\t\t<\/div>\n\t\t\t\t\t<\/div>\n\t\t<\/section>\n\t\t\t\t<section class=\"elementor-section elementor-top-section elementor-element elementor-element-b5cf1ca elementor-section-boxed elementor-section-height-default elementor-section-height-default\" data-id=\"b5cf1ca\" data-element_type=\"section\">\n\t\t\t\t\t\t<div class=\"elementor-container elementor-column-gap-default\">\n\t\t\t\t\t\t\t<div class=\"elementor-row\">\n\t\t\t\t\t<div class=\"elementor-column elementor-col-100 elementor-top-column elementor-element elementor-element-2e1a44a\" data-id=\"2e1a44a\" data-element_type=\"column\">\n\t\t\t<div class=\"elementor-column-wrap elementor-element-populated\">\n\t\t\t\t\t\t\t<div class=\"elementor-widget-wrap\">\n\t\t\t\t\t\t<div class=\"elementor-element elementor-element-27b3ef7 elementor-widget-divider--view-line elementor-widget elementor-widget-divider\" data-id=\"27b3ef7\" data-element_type=\"widget\" data-widget_type=\"divider.default\">\n\t\t\t\t<div class=\"elementor-widget-container\">\n\t\t\t\t\t<div class=\"elementor-divider\">\n\t\t\t<span class=\"elementor-divider-separator\">\n\t\t\t\t\t\t<\/span>\n\t\t<\/div>\n\t\t\t\t<\/div>\n\t\t\t\t<\/div>\n\t\t\t\t\t\t<\/div>\n\t\t\t\t\t<\/div>\n\t\t<\/div>\n\t\t\t\t\t\t\t\t<\/div>\n\t\t\t\t\t<\/div>\n\t\t<\/section>\n\t\t\t\t\t\t<\/div>\n\t\t\t\t\t\t<\/div>\n\t\t\t\t\t<\/div>\n\t\t","protected":false},"excerpt":{"rendered":"<p>Le voyage d\u2019Elio et Justin a fait l\u2019objet d\u2019un travail documentaire, r\u00e9alis\u00e9 par Jean-Pierre Sicard. De janvier 2019 \u00e0 la fin du voyage en 2021, des images ont \u00e9t\u00e9 tourn\u00e9es par Elio, Justin et Jean-Pierre, qui les a mont\u00e9es au fur et \u00e0 mesure pour constituer un journal de voyage, pr\u00e9sent\u00e9 sous forme de blog [&hellip;]<\/p>\n","protected":false},"author":1,"featured_media":0,"parent":0,"menu_order":0,"comment_status":"closed","ping_status":"closed","template":"","meta":[],"yoast_head":"<!-- This site is optimized with the Yoast SEO plugin v14.0.4 - https:\/\/yoast.com\/wordpress\/plugins\/seo\/ -->\n<title>Films - Europa2velos<\/title>\n<meta name=\"description\" content=\"Documentaire en cours sur le tour d&#039;Europe \u00e0 v\u00e9lo de deux ados sur le th\u00e8me de la transition \u00e9cologique et de la citoyennet\u00e9 europ\u00e9enne.\" \/>\n<meta name=\"robots\" content=\"index, follow\" \/>\n<meta name=\"googlebot\" content=\"index, follow, max-snippet:-1, max-image-preview:large, max-video-preview:-1\" \/>\n<meta name=\"bingbot\" content=\"index, follow, max-snippet:-1, max-image-preview:large, max-video-preview:-1\" \/>\n<link rel=\"canonical\" href=\"http:\/\/europa2velos.com\/index.php\/films\/\" \/>\n<meta property=\"og:locale\" content=\"fr_FR\" \/>\n<meta property=\"og:type\" content=\"article\" \/>\n<meta property=\"og:title\" content=\"Films - Europa2velos\" \/>\n<meta property=\"og:description\" content=\"Documentaire en cours sur le tour d&#039;Europe \u00e0 v\u00e9lo de deux ados sur le th\u00e8me de la transition \u00e9cologique et de la citoyennet\u00e9 europ\u00e9enne.\" \/>\n<meta property=\"og:url\" content=\"http:\/\/europa2velos.com\/index.php\/films\/\" \/>\n<meta property=\"og:site_name\" content=\"Europa2velos\" \/>\n<meta property=\"article:modified_time\" content=\"2024-02-17T18:47:11+00:00\" \/>\n<meta property=\"og:image\" content=\"http:\/\/europa2velos.com\/wp-content\/uploads\/2023\/02\/325656773_777937766495847_2413677656979931741_n-1024x543.jpg\" \/>\n<meta name=\"twitter:card\" content=\"summary_large_image\" \/>\n<script type=\"application\/ld+json\" class=\"yoast-schema-graph\">{\"@context\":\"https:\/\/schema.org\",\"@graph\":[{\"@type\":\"WebSite\",\"@id\":\"https:\/\/europa2velos.com\/#website\",\"url\":\"https:\/\/europa2velos.com\/\",\"name\":\"Europa2velos\",\"description\":\"Le tour d&#039;Europe \\u00e0 v\\u00e9lo de deux ados\",\"potentialAction\":[{\"@type\":\"SearchAction\",\"target\":\"https:\/\/europa2velos.com\/?s={search_term_string}\",\"query-input\":\"required name=search_term_string\"}],\"inLanguage\":\"fr-FR\"},{\"@type\":\"ImageObject\",\"@id\":\"http:\/\/europa2velos.com\/index.php\/films\/#primaryimage\",\"inLanguage\":\"fr-FR\",\"url\":\"http:\/\/europa2velos.com\/wp-content\/uploads\/2023\/02\/325656773_777937766495847_2413677656979931741_n-1024x543.jpg\"},{\"@type\":\"WebPage\",\"@id\":\"http:\/\/europa2velos.com\/index.php\/films\/#webpage\",\"url\":\"http:\/\/europa2velos.com\/index.php\/films\/\",\"name\":\"Films - Europa2velos\",\"isPartOf\":{\"@id\":\"https:\/\/europa2velos.com\/#website\"},\"primaryImageOfPage\":{\"@id\":\"http:\/\/europa2velos.com\/index.php\/films\/#primaryimage\"},\"datePublished\":\"2020-02-12T16:45:24+00:00\",\"dateModified\":\"2024-02-17T18:47:11+00:00\",\"description\":\"Documentaire en cours sur le tour d'Europe \\u00e0 v\\u00e9lo de deux ados sur le th\\u00e8me de la transition \\u00e9cologique et de la citoyennet\\u00e9 europ\\u00e9enne.\",\"inLanguage\":\"fr-FR\",\"potentialAction\":[{\"@type\":\"ReadAction\",\"target\":[\"http:\/\/europa2velos.com\/index.php\/films\/\"]}]}]}<\/script>\n<!-- \/ Yoast SEO plugin. -->","_links":{"self":[{"href":"https:\/\/europa2velos.com\/index.php\/wp-json\/wp\/v2\/pages\/152"}],"collection":[{"href":"https:\/\/europa2velos.com\/index.php\/wp-json\/wp\/v2\/pages"}],"about":[{"href":"https:\/\/europa2velos.com\/index.php\/wp-json\/wp\/v2\/types\/page"}],"author":[{"embeddable":true,"href":"https:\/\/europa2velos.com\/index.php\/wp-json\/wp\/v2\/users\/1"}],"replies":[{"embeddable":true,"href":"https:\/\/europa2velos.com\/index.php\/wp-json\/wp\/v2\/comments?post=152"}],"version-history":[{"count":48,"href":"https:\/\/europa2velos.com\/index.php\/wp-json\/wp\/v2\/pages\/152\/revisions"}],"predecessor-version":[{"id":3977,"href":"https:\/\/europa2velos.com\/index.php\/wp-json\/wp\/v2\/pages\/152\/revisions\/3977"}],"wp:attachment":[{"href":"https:\/\/europa2velos.com\/index.php\/wp-json\/wp\/v2\/media?parent=152"}],"curies":[{"name":"wp","href":"https:\/\/api.w.org\/{rel}","templated":true}]}}