{"id":113,"date":"2020-02-12T15:17:49","date_gmt":"2020-02-12T14:17:49","guid":{"rendered":"http:\/\/europa2velos.com\/?page_id=113"},"modified":"2023-07-02T13:12:54","modified_gmt":"2023-07-02T11:12:54","slug":"elio","status":"publish","type":"page","link":"https:\/\/europa2velos.com\/index.php\/elio\/","title":{"rendered":"Elio"},"content":{"rendered":"\t\t<div data-elementor-type=\"wp-page\" data-elementor-id=\"113\" class=\"elementor elementor-113\" data-elementor-settings=\"[]\">\n\t\t\t\t\t\t<div class=\"elementor-inner\">\n\t\t\t\t\t\t\t<div class=\"elementor-section-wrap\">\n\t\t\t\t\t\t\t<section class=\"elementor-section elementor-top-section elementor-element elementor-element-025a645 elementor-section-boxed elementor-section-height-default elementor-section-height-default\" data-id=\"025a645\" data-element_type=\"section\">\n\t\t\t\t\t\t<div class=\"elementor-container elementor-column-gap-default\">\n\t\t\t\t\t\t\t<div class=\"elementor-row\">\n\t\t\t\t\t<div class=\"elementor-column elementor-col-100 elementor-top-column elementor-element elementor-element-4eb0c2c\" data-id=\"4eb0c2c\" data-element_type=\"column\">\n\t\t\t<div class=\"elementor-column-wrap elementor-element-populated\">\n\t\t\t\t\t\t\t<div class=\"elementor-widget-wrap\">\n\t\t\t\t\t\t<div class=\"elementor-element elementor-element-f1c3937 elementor-widget elementor-widget-text-editor\" data-id=\"f1c3937\" data-element_type=\"widget\" data-widget_type=\"text-editor.default\">\n\t\t\t\t<div class=\"elementor-widget-container\">\n\t\t\t\t\t<div class=\"elementor-text-editor elementor-clearfix\"><h1 style=\"text-align: center;\"><span style=\"color: #333333;\">PORTRAIT<\/span><\/h1><\/div>\n\t\t\t\t<\/div>\n\t\t\t\t<\/div>\n\t\t\t\t\t\t<\/div>\n\t\t\t\t\t<\/div>\n\t\t<\/div>\n\t\t\t\t\t\t\t\t<\/div>\n\t\t\t\t\t<\/div>\n\t\t<\/section>\n\t\t\t\t<section class=\"elementor-section elementor-top-section elementor-element elementor-element-96cc4f8 elementor-section-boxed elementor-section-height-default elementor-section-height-default\" data-id=\"96cc4f8\" data-element_type=\"section\">\n\t\t\t\t\t\t<div class=\"elementor-container elementor-column-gap-default\">\n\t\t\t\t\t\t\t<div class=\"elementor-row\">\n\t\t\t\t\t<div class=\"elementor-column elementor-col-100 elementor-top-column elementor-element elementor-element-60ff473\" data-id=\"60ff473\" data-element_type=\"column\">\n\t\t\t<div class=\"elementor-column-wrap elementor-element-populated\">\n\t\t\t\t\t\t\t<div class=\"elementor-widget-wrap\">\n\t\t\t\t\t\t<div class=\"elementor-element elementor-element-0c489df elementor-aspect-ratio-169 elementor-widget elementor-widget-video\" data-id=\"0c489df\" data-element_type=\"widget\" data-settings=\"{&quot;youtube_url&quot;:&quot;https:\\\/\\\/youtu.be\\\/zXn_TSd1Ng8&quot;,&quot;video_type&quot;:&quot;youtube&quot;,&quot;controls&quot;:&quot;yes&quot;,&quot;aspect_ratio&quot;:&quot;169&quot;}\" data-widget_type=\"video.default\">\n\t\t\t\t<div class=\"elementor-widget-container\">\n\t\t\t\t\t<div class=\"elementor-wrapper elementor-fit-aspect-ratio elementor-open-inline\">\n\t\t\t<div class=\"elementor-video\"><\/div>\t\t<\/div>\n\t\t\t\t<\/div>\n\t\t\t\t<\/div>\n\t\t\t\t\t\t<\/div>\n\t\t\t\t\t<\/div>\n\t\t<\/div>\n\t\t\t\t\t\t\t\t<\/div>\n\t\t\t\t\t<\/div>\n\t\t<\/section>\n\t\t\t\t<section class=\"elementor-section elementor-top-section elementor-element elementor-element-d4f323c elementor-section-boxed elementor-section-height-default elementor-section-height-default\" data-id=\"d4f323c\" data-element_type=\"section\">\n\t\t\t\t\t\t<div class=\"elementor-container elementor-column-gap-default\">\n\t\t\t\t\t\t\t<div class=\"elementor-row\">\n\t\t\t\t\t<div class=\"elementor-column elementor-col-100 elementor-top-column elementor-element elementor-element-567f66e\" data-id=\"567f66e\" data-element_type=\"column\">\n\t\t\t<div class=\"elementor-column-wrap elementor-element-populated\">\n\t\t\t\t\t\t\t<div class=\"elementor-widget-wrap\">\n\t\t\t\t\t\t<div class=\"elementor-element elementor-element-32cfc36 elementor-widget-divider--view-line elementor-widget elementor-widget-divider\" data-id=\"32cfc36\" data-element_type=\"widget\" data-widget_type=\"divider.default\">\n\t\t\t\t<div class=\"elementor-widget-container\">\n\t\t\t\t\t<div class=\"elementor-divider\">\n\t\t\t<span class=\"elementor-divider-separator\">\n\t\t\t\t\t\t<\/span>\n\t\t<\/div>\n\t\t\t\t<\/div>\n\t\t\t\t<\/div>\n\t\t\t\t\t\t<\/div>\n\t\t\t\t\t<\/div>\n\t\t<\/div>\n\t\t\t\t\t\t\t\t<\/div>\n\t\t\t\t\t<\/div>\n\t\t<\/section>\n\t\t\t\t<section class=\"elementor-section elementor-top-section elementor-element elementor-element-2439f4a elementor-section-boxed elementor-section-height-default elementor-section-height-default\" data-id=\"2439f4a\" data-element_type=\"section\">\n\t\t\t\t\t\t<div class=\"elementor-container elementor-column-gap-default\">\n\t\t\t\t\t\t\t<div class=\"elementor-row\">\n\t\t\t\t\t<div class=\"elementor-column elementor-col-100 elementor-top-column elementor-element elementor-element-9b27da0\" data-id=\"9b27da0\" data-element_type=\"column\">\n\t\t\t<div class=\"elementor-column-wrap elementor-element-populated\">\n\t\t\t\t\t\t\t<div class=\"elementor-widget-wrap\">\n\t\t\t\t\t\t<div class=\"elementor-element elementor-element-fe6318a elementor-widget elementor-widget-heading\" data-id=\"fe6318a\" data-element_type=\"widget\" data-widget_type=\"heading.default\">\n\t\t\t\t<div class=\"elementor-widget-container\">\n\t\t\t<h1 class=\"elementor-heading-title elementor-size-large\">Elio Dauch<\/h1>\t\t<\/div>\n\t\t\t\t<\/div>\n\t\t\t\t\t\t<\/div>\n\t\t\t\t\t<\/div>\n\t\t<\/div>\n\t\t\t\t\t\t\t\t<\/div>\n\t\t\t\t\t<\/div>\n\t\t<\/section>\n\t\t\t\t<section class=\"elementor-section elementor-top-section elementor-element elementor-element-303f596 elementor-section-boxed elementor-section-height-default elementor-section-height-default\" data-id=\"303f596\" data-element_type=\"section\">\n\t\t\t\t\t\t<div class=\"elementor-container elementor-column-gap-default\">\n\t\t\t\t\t\t\t<div class=\"elementor-row\">\n\t\t\t\t\t<div class=\"elementor-column elementor-col-100 elementor-top-column elementor-element elementor-element-65f6b03\" data-id=\"65f6b03\" data-element_type=\"column\">\n\t\t\t<div class=\"elementor-column-wrap elementor-element-populated\">\n\t\t\t\t\t\t\t<div class=\"elementor-widget-wrap\">\n\t\t\t\t\t\t<div class=\"elementor-element elementor-element-1103468 elementor-widget-divider--view-line elementor-widget elementor-widget-divider\" data-id=\"1103468\" data-element_type=\"widget\" data-widget_type=\"divider.default\">\n\t\t\t\t<div class=\"elementor-widget-container\">\n\t\t\t\t\t<div class=\"elementor-divider\">\n\t\t\t<span class=\"elementor-divider-separator\">\n\t\t\t\t\t\t<\/span>\n\t\t<\/div>\n\t\t\t\t<\/div>\n\t\t\t\t<\/div>\n\t\t\t\t\t\t<\/div>\n\t\t\t\t\t<\/div>\n\t\t<\/div>\n\t\t\t\t\t\t\t\t<\/div>\n\t\t\t\t\t<\/div>\n\t\t<\/section>\n\t\t\t\t<section class=\"elementor-section elementor-top-section elementor-element elementor-element-c664592 elementor-section-boxed elementor-section-height-default elementor-section-height-default\" data-id=\"c664592\" data-element_type=\"section\">\n\t\t\t\t\t\t<div class=\"elementor-container elementor-column-gap-default\">\n\t\t\t\t\t\t\t<div class=\"elementor-row\">\n\t\t\t\t\t<div class=\"elementor-column elementor-col-100 elementor-top-column elementor-element elementor-element-758833c\" data-id=\"758833c\" data-element_type=\"column\">\n\t\t\t<div class=\"elementor-column-wrap elementor-element-populated\">\n\t\t\t\t\t\t\t<div class=\"elementor-widget-wrap\">\n\t\t\t\t\t\t<div class=\"elementor-element elementor-element-8a834c7 elementor-widget elementor-widget-text-editor\" data-id=\"8a834c7\" data-element_type=\"widget\" data-widget_type=\"text-editor.default\">\n\t\t\t\t<div class=\"elementor-widget-container\">\n\t\t\t\t\t<div class=\"elementor-text-editor elementor-clearfix\"><h5 style=\"text-align: center;\">N\u00e9 le 13 juillet 2003<\/h5><\/div>\n\t\t\t\t<\/div>\n\t\t\t\t<\/div>\n\t\t\t\t\t\t<\/div>\n\t\t\t\t\t<\/div>\n\t\t<\/div>\n\t\t\t\t\t\t\t\t<\/div>\n\t\t\t\t\t<\/div>\n\t\t<\/section>\n\t\t\t\t<section class=\"elementor-section elementor-top-section elementor-element elementor-element-305cebe elementor-section-boxed elementor-section-height-default elementor-section-height-default\" data-id=\"305cebe\" data-element_type=\"section\">\n\t\t\t\t\t\t<div class=\"elementor-container elementor-column-gap-default\">\n\t\t\t\t\t\t\t<div class=\"elementor-row\">\n\t\t\t\t\t<div class=\"elementor-column elementor-col-100 elementor-top-column elementor-element elementor-element-1fb52c5\" data-id=\"1fb52c5\" data-element_type=\"column\">\n\t\t\t<div class=\"elementor-column-wrap elementor-element-populated\">\n\t\t\t\t\t\t\t<div class=\"elementor-widget-wrap\">\n\t\t\t\t\t\t<div class=\"elementor-element elementor-element-8e3ddf4 elementor-aspect-ratio-169 elementor-widget elementor-widget-video\" data-id=\"8e3ddf4\" data-element_type=\"widget\" data-settings=\"{&quot;youtube_url&quot;:&quot;https:\\\/\\\/youtu.be\\\/p95WfND7lIY&quot;,&quot;video_type&quot;:&quot;youtube&quot;,&quot;controls&quot;:&quot;yes&quot;,&quot;aspect_ratio&quot;:&quot;169&quot;}\" data-widget_type=\"video.default\">\n\t\t\t\t<div class=\"elementor-widget-container\">\n\t\t\t\t\t<div class=\"elementor-wrapper elementor-fit-aspect-ratio elementor-open-inline\">\n\t\t\t<div class=\"elementor-video\"><\/div>\t\t<\/div>\n\t\t\t\t<\/div>\n\t\t\t\t<\/div>\n\t\t\t\t\t\t<\/div>\n\t\t\t\t\t<\/div>\n\t\t<\/div>\n\t\t\t\t\t\t\t\t<\/div>\n\t\t\t\t\t<\/div>\n\t\t<\/section>\n\t\t\t\t<section class=\"elementor-section elementor-top-section elementor-element elementor-element-15f24c5 elementor-section-boxed elementor-section-height-default elementor-section-height-default\" data-id=\"15f24c5\" data-element_type=\"section\">\n\t\t\t\t\t\t<div class=\"elementor-container elementor-column-gap-default\">\n\t\t\t\t\t\t\t<div class=\"elementor-row\">\n\t\t\t\t\t<div class=\"elementor-column elementor-col-33 elementor-top-column elementor-element elementor-element-30a69f8\" data-id=\"30a69f8\" data-element_type=\"column\">\n\t\t\t<div class=\"elementor-column-wrap elementor-element-populated\">\n\t\t\t\t\t\t\t<div class=\"elementor-widget-wrap\">\n\t\t\t\t\t\t<div class=\"elementor-element elementor-element-6b29df6 elementor-widget elementor-widget-text-editor\" data-id=\"6b29df6\" data-element_type=\"widget\" data-widget_type=\"text-editor.default\">\n\t\t\t\t<div class=\"elementor-widget-container\">\n\t\t\t\t\t<div class=\"elementor-text-editor elementor-clearfix\"><p style=\"text-align: center;\"><span style=\"text-decoration: underline;\"><strong>Sports pratiqu\u00e9s<\/strong><\/span><\/p><p style=\"text-align: center;\">VTT<br \/>Athl\u00e9tisme<br \/>Football<\/p><\/div>\n\t\t\t\t<\/div>\n\t\t\t\t<\/div>\n\t\t\t\t\t\t<\/div>\n\t\t\t\t\t<\/div>\n\t\t<\/div>\n\t\t\t\t<div class=\"elementor-column elementor-col-33 elementor-top-column elementor-element elementor-element-a75b750\" data-id=\"a75b750\" data-element_type=\"column\">\n\t\t\t<div class=\"elementor-column-wrap elementor-element-populated\">\n\t\t\t\t\t\t\t<div class=\"elementor-widget-wrap\">\n\t\t\t\t\t\t<div class=\"elementor-element elementor-element-2f95aa7 elementor-widget elementor-widget-text-editor\" data-id=\"2f95aa7\" data-element_type=\"widget\" data-widget_type=\"text-editor.default\">\n\t\t\t\t<div class=\"elementor-widget-container\">\n\t\t\t\t\t<div class=\"elementor-text-editor elementor-clearfix\"><p style=\"text-align: center;\"><span style=\"text-decoration: underline;\"><strong>J\u2019adore<br \/><\/strong><\/span><br \/>L\u2019aventure<br \/>Les soir\u00e9es entre potes<br \/>Le VTT<br \/>Les voyages<br \/>Les rencontres<br \/>Le partage<\/p><\/div>\n\t\t\t\t<\/div>\n\t\t\t\t<\/div>\n\t\t\t\t\t\t<\/div>\n\t\t\t\t\t<\/div>\n\t\t<\/div>\n\t\t\t\t<div class=\"elementor-column elementor-col-33 elementor-top-column elementor-element elementor-element-7f5307d\" data-id=\"7f5307d\" data-element_type=\"column\">\n\t\t\t<div class=\"elementor-column-wrap elementor-element-populated\">\n\t\t\t\t\t\t\t<div class=\"elementor-widget-wrap\">\n\t\t\t\t\t\t<div class=\"elementor-element elementor-element-329ea0e elementor-widget elementor-widget-text-editor\" data-id=\"329ea0e\" data-element_type=\"widget\" data-widget_type=\"text-editor.default\">\n\t\t\t\t<div class=\"elementor-widget-container\">\n\t\t\t\t\t<div class=\"elementor-text-editor elementor-clearfix\"><p style=\"text-align: center;\"><span style=\"text-decoration: underline;\"><strong><span style=\"color: #333333; text-decoration: underline;\">Je d\u00e9teste<br \/><\/span><\/strong><\/span><br \/><span style=\"color: #333333;\">Le racisme <\/span><br \/><span style=\"color: #333333;\">L\u2019intol\u00e9rance en g\u00e9n\u00e9ral<\/span><\/p><\/div>\n\t\t\t\t<\/div>\n\t\t\t\t<\/div>\n\t\t\t\t\t\t<\/div>\n\t\t\t\t\t<\/div>\n\t\t<\/div>\n\t\t\t\t\t\t\t\t<\/div>\n\t\t\t\t\t<\/div>\n\t\t<\/section>\n\t\t\t\t<section class=\"elementor-section elementor-top-section elementor-element elementor-element-601d1f6 elementor-section-boxed elementor-section-height-default elementor-section-height-default\" data-id=\"601d1f6\" data-element_type=\"section\">\n\t\t\t\t\t\t<div class=\"elementor-container elementor-column-gap-default\">\n\t\t\t\t\t\t\t<div class=\"elementor-row\">\n\t\t\t\t\t<div class=\"elementor-column elementor-col-100 elementor-top-column elementor-element elementor-element-44e0fec\" data-id=\"44e0fec\" data-element_type=\"column\">\n\t\t\t<div class=\"elementor-column-wrap elementor-element-populated\">\n\t\t\t\t\t\t\t<div class=\"elementor-widget-wrap\">\n\t\t\t\t\t\t<div class=\"elementor-element elementor-element-a42069d elementor-widget elementor-widget-text-editor\" data-id=\"a42069d\" data-element_type=\"widget\" data-widget_type=\"text-editor.default\">\n\t\t\t\t<div class=\"elementor-widget-container\">\n\t\t\t\t\t<div class=\"elementor-text-editor elementor-clearfix\"><p><em>&#8220;<\/em><em style=\"font-size: 1.6rem;\">\u00a0Dans mon cadre familial <strong>j\u2019ai tr\u00e8s t\u00f4t \u00e9t\u00e9 sensibilis\u00e9 \u00e0 l\u2019\u00e9cologie au quotidien<\/strong>, aux gestes simples et aux solutions qui s\u2019adapte \u00e0 une vie de famille. J\u2019habite \u00e0 la campagne, dans une yourte contemporaine \u00e9quip\u00e9e de toilettes s\u00e8ches et d\u2019une phyto\u00e9puration. Elle se situe dans un hameau tr\u00e8s dynamique o\u00f9 les notions d\u2019entraide et de lien social sont tr\u00e8s pr\u00e9sentes. La culture y a sa place avec l\u2019organisation de festivals de musique et de cin\u00e9ma en plein air, entre autres.&#8221;<\/em><\/p><p><em>&#8220;Avec mes parents, j\u2019ai voyag\u00e9 tr\u00e8s t\u00f4t en tente puis en camion, essentiellement en itin\u00e9rance. <strong>J\u2019aime l\u2019id\u00e9e de \u00ab voir du pays \u00bb et de partir \u00e0 la rencontre des personnes qui font vivre un territoire.&#8221;<\/strong><\/em><\/p><p><em>&#8220;J\u2019ai 12 ans lorsque je commence \u00e0 me projeter dans un voyage autour du monde. Cette envie d\u2019aventure va prendre petit \u00e0 petit une place importante dans mon imaginaire. En 2018, une rencontre va d\u00e9terminer la suite. En plein milieu du Rif marocain, je croise un \u00e9crivain \u00e0 v\u00e9lo qui me propose de faire une vir\u00e9e avec lui. Il me parle de la rencontre avec les habitants qui est favoris\u00e9e par son mode de d\u00e9placement, de la lenteur qu\u2019il induit. Les personnes rencontr\u00e9es portent un regard positif sur ce moyen de locomotion, ce qui l\u2019<strong>aide \u00e0 rentrer en contact plus facilement avec les habitants<\/strong>. Sa simplicit\u00e9 d\u2019utilisation, son faible co\u00fbt d\u2019usage et d\u2019entretien font \u00e9galement du v\u00e9lo un\u00a0<strong>moyen de d\u00e9placement l\u00e9ger et \u00e9cologique. <\/strong>De retour en France, je parle de ce projet de voyage \u00e0 Justin, mon copain de chambre \u00e0 l\u2019internat.&#8221;<\/em><\/p><p><em>&#8220;Le voyage a maintenant eu lieu et j&#8217;ai du mal \u00e0 r\u00e9aliser que mon r\u00eave est devenu r\u00e9alit\u00e9.&#8221;<\/em><\/p><\/div>\n\t\t\t\t<\/div>\n\t\t\t\t<\/div>\n\t\t\t\t\t\t<\/div>\n\t\t\t\t\t<\/div>\n\t\t<\/div>\n\t\t\t\t\t\t\t\t<\/div>\n\t\t\t\t\t<\/div>\n\t\t<\/section>\n\t\t\t\t\t\t<\/div>\n\t\t\t\t\t\t<\/div>\n\t\t\t\t\t<\/div>\n\t\t","protected":false},"excerpt":{"rendered":"<p>PORTRAIT https:\/\/youtu.be\/zXn_TSd1Ng8 Elio Dauch N\u00e9 le 13 juillet 2003 https:\/\/youtu.be\/p95WfND7lIY Sports pratiqu\u00e9s VTTAthl\u00e9tismeFootball J\u2019adoreL\u2019aventureLes soir\u00e9es entre potesLe VTTLes voyagesLes rencontresLe partage Je d\u00e9testeLe racisme L\u2019intol\u00e9rance en g\u00e9n\u00e9ral &#8220;\u00a0Dans mon cadre familial j\u2019ai tr\u00e8s t\u00f4t \u00e9t\u00e9 sensibilis\u00e9 \u00e0 l\u2019\u00e9cologie au quotidien, aux gestes simples et aux solutions qui s\u2019adapte \u00e0 une vie de famille. J\u2019habite \u00e0 [&hellip;]<\/p>\n","protected":false},"author":1,"featured_media":0,"parent":0,"menu_order":0,"comment_status":"closed","ping_status":"closed","template":"","meta":[],"yoast_head":"<!-- This site is optimized with the Yoast SEO plugin v14.0.4 - https:\/\/yoast.com\/wordpress\/plugins\/seo\/ -->\n<title>Elio - Europa2velos<\/title>\n<meta name=\"description\" content=\"Portraits d&#039;Elio, \u00e0 Najac. Deux ados de l&#039;Aveyron font un Tour d&#039;Europe \u00e0 v\u00e9lo sur le th\u00e8me transition \u00e9cologique et citoyennet\u00e9 europ\u00e9enne.\" \/>\n<meta name=\"robots\" content=\"index, follow\" \/>\n<meta name=\"googlebot\" content=\"index, follow, max-snippet:-1, max-image-preview:large, max-video-preview:-1\" \/>\n<meta name=\"bingbot\" content=\"index, follow, max-snippet:-1, max-image-preview:large, max-video-preview:-1\" \/>\n<link rel=\"canonical\" href=\"http:\/\/europa2velos.com\/index.php\/elio\/\" \/>\n<meta property=\"og:locale\" content=\"fr_FR\" \/>\n<meta property=\"og:type\" content=\"article\" \/>\n<meta property=\"og:title\" content=\"Elio - Europa2velos\" \/>\n<meta property=\"og:description\" content=\"Portraits d&#039;Elio, \u00e0 Najac. Deux ados de l&#039;Aveyron font un Tour d&#039;Europe \u00e0 v\u00e9lo sur le th\u00e8me transition \u00e9cologique et citoyennet\u00e9 europ\u00e9enne.\" \/>\n<meta property=\"og:url\" content=\"http:\/\/europa2velos.com\/index.php\/elio\/\" \/>\n<meta property=\"og:site_name\" content=\"Europa2velos\" \/>\n<meta property=\"article:modified_time\" content=\"2023-07-02T11:12:54+00:00\" \/>\n<meta name=\"twitter:card\" content=\"summary_large_image\" \/>\n<script type=\"application\/ld+json\" class=\"yoast-schema-graph\">{\"@context\":\"https:\/\/schema.org\",\"@graph\":[{\"@type\":\"WebSite\",\"@id\":\"https:\/\/europa2velos.com\/#website\",\"url\":\"https:\/\/europa2velos.com\/\",\"name\":\"Europa2velos\",\"description\":\"Le tour d&#039;Europe \\u00e0 v\\u00e9lo de deux ados\",\"potentialAction\":[{\"@type\":\"SearchAction\",\"target\":\"https:\/\/europa2velos.com\/?s={search_term_string}\",\"query-input\":\"required name=search_term_string\"}],\"inLanguage\":\"fr-FR\"},{\"@type\":\"WebPage\",\"@id\":\"http:\/\/europa2velos.com\/index.php\/elio\/#webpage\",\"url\":\"http:\/\/europa2velos.com\/index.php\/elio\/\",\"name\":\"Elio - Europa2velos\",\"isPartOf\":{\"@id\":\"https:\/\/europa2velos.com\/#website\"},\"datePublished\":\"2020-02-12T14:17:49+00:00\",\"dateModified\":\"2023-07-02T11:12:54+00:00\",\"description\":\"Portraits d'Elio, \\u00e0 Najac. Deux ados de l'Aveyron font un Tour d'Europe \\u00e0 v\\u00e9lo sur le th\\u00e8me transition \\u00e9cologique et citoyennet\\u00e9 europ\\u00e9enne.\",\"inLanguage\":\"fr-FR\",\"potentialAction\":[{\"@type\":\"ReadAction\",\"target\":[\"http:\/\/europa2velos.com\/index.php\/elio\/\"]}]}]}<\/script>\n<!-- \/ Yoast SEO plugin. -->","_links":{"self":[{"href":"https:\/\/europa2velos.com\/index.php\/wp-json\/wp\/v2\/pages\/113"}],"collection":[{"href":"https:\/\/europa2velos.com\/index.php\/wp-json\/wp\/v2\/pages"}],"about":[{"href":"https:\/\/europa2velos.com\/index.php\/wp-json\/wp\/v2\/types\/page"}],"author":[{"embeddable":true,"href":"https:\/\/europa2velos.com\/index.php\/wp-json\/wp\/v2\/users\/1"}],"replies":[{"embeddable":true,"href":"https:\/\/europa2velos.com\/index.php\/wp-json\/wp\/v2\/comments?post=113"}],"version-history":[{"count":35,"href":"https:\/\/europa2velos.com\/index.php\/wp-json\/wp\/v2\/pages\/113\/revisions"}],"predecessor-version":[{"id":3970,"href":"https:\/\/europa2velos.com\/index.php\/wp-json\/wp\/v2\/pages\/113\/revisions\/3970"}],"wp:attachment":[{"href":"https:\/\/europa2velos.com\/index.php\/wp-json\/wp\/v2\/media?parent=113"}],"curies":[{"name":"wp","href":"https:\/\/api.w.org\/{rel}","templated":true}]}}